{"id":3849,"date":"2025-10-08T08:11:10","date_gmt":"2025-10-08T08:11:10","guid":{"rendered":"https:\/\/media-netherland.com\/?post_type=product&#038;p=3849"},"modified":"2025-10-08T08:38:05","modified_gmt":"2025-10-08T08:38:05","slug":"coffret-educatif-en-bois-montessori","status":"publish","type":"product","link":"https:\/\/media-netherland.com\/fr\/produit\/coffret-educatif-en-bois-montessori\/","title":{"rendered":"Coffret \u00c9ducatif en Bois Montessori"},"content":{"rendered":"<h3 data-start=\"161\" data-end=\"234\"><strong data-start=\"165\" data-end=\"234\">Coffret \u00c9ducatif en Bois Montessori \u00ab L\u2019Atelier des D\u00e9couvertes \u00bb<\/strong><\/h3>\n<p data-start=\"236\" data-end=\"354\"><strong data-start=\"236\" data-end=\"250\">Mat\u00e9riau :<\/strong> Bois de h\u00eatre naturel<br data-start=\"272\" data-end=\"275\" \/><strong data-start=\"275\" data-end=\"295\">\u00c2ge recommand\u00e9 :<\/strong> \u00c9cole maternelle et jardin d\u2019enfants<br data-start=\"332\" data-end=\"335\" \/><strong data-start=\"335\" data-end=\"346\">Genre :<\/strong> Mixte<\/p>\n<p data-start=\"356\" data-end=\"824\"><strong data-start=\"356\" data-end=\"378\">Caract\u00e9ristiques :<\/strong><br data-start=\"378\" data-end=\"381\" \/>\u2022 <strong data-start=\"383\" data-end=\"428\">Design inspir\u00e9 de la p\u00e9dagogie Montessori<\/strong>, favorisant l\u2019apprentissage par la manipulation<br data-start=\"476\" data-end=\"479\" \/>\u2022 <strong data-start=\"481\" data-end=\"511\">Jeu \u00e9ducatif et interactif<\/strong>, id\u00e9al pour le d\u00e9veloppement des premi\u00e8res comp\u00e9tences cognitives<br data-start=\"577\" data-end=\"580\" \/>\u2022 <strong data-start=\"582\" data-end=\"601\">Personnalisable<\/strong> : choix des couleurs et ajout de logo pour un rendu unique<br data-start=\"660\" data-end=\"663\" \/>\u2022 <strong data-start=\"665\" data-end=\"703\">Fabrication robuste en bois massif<\/strong>, pens\u00e9e pour une utilisation durable<br data-start=\"740\" data-end=\"743\" \/>\u2022 <strong data-start=\"745\" data-end=\"822\">Parfait pour les cr\u00e8ches, \u00e9coles maternelles et apprentissage \u00e0 la maison<\/strong><\/p>\n<p data-start=\"826\" data-end=\"1305\"><strong data-start=\"826\" data-end=\"846\">Sp\u00e9cifications :<\/strong><br data-start=\"846\" data-end=\"849\" \/>\u2022 <strong data-start=\"851\" data-end=\"861\">Type :<\/strong> Coffret de jeux \u00e9ducatifs en bois<br data-start=\"895\" data-end=\"898\" \/>\u2022 <strong data-start=\"900\" data-end=\"914\">Fonction :<\/strong> Outils d\u2019apprentissage et activit\u00e9s ludiques<br data-start=\"959\" data-end=\"962\" \/>\u2022 <strong data-start=\"964\" data-end=\"984\">Certifications :<\/strong> FSC, EN71, ASTM F963, CE<br data-start=\"1009\" data-end=\"1012\" \/>\u2022 <strong data-start=\"1014\" data-end=\"1029\">Emballage :<\/strong> bo\u00eete blanche et carton (dimensions : 140 \u00d7 50 \u00d7 55 cm \/ 264 \u00d7 50 \u00d7 55 cm selon mod\u00e8le)<br data-start=\"1117\" data-end=\"1120\" \/>\u2022 <strong data-start=\"1122\" data-end=\"1133\">Poids :<\/strong> environ 530 g<\/p>\n<p data-start=\"1307\" data-end=\"1707\"><strong data-start=\"1307\" data-end=\"1324\">Description :<\/strong><br data-start=\"1324\" data-end=\"1327\" \/>Le <strong data-start=\"1330\" data-end=\"1399\">Coffret \u00c9ducatif en Bois Montessori \u00ab L\u2019Atelier des D\u00e9couvertes \u00bb<\/strong> offre une <strong data-start=\"1410\" data-end=\"1463\">exp\u00e9rience d\u2019apprentissage sensorielle et ludique<\/strong> con\u00e7ue pour stimuler la curiosit\u00e9, la coordination et la logique des jeunes enfants.<br data-start=\"1548\" data-end=\"1551\" \/>Con\u00e7u \u00e0 partir de <strong data-start=\"1569\" data-end=\"1594\">bois de h\u00eatre naturel<\/strong>, il allie <strong data-start=\"1605\" data-end=\"1641\">qualit\u00e9, p\u00e9dagogie et esth\u00e9tique<\/strong>, tout en respectant les standards de s\u00e9curit\u00e9 les plus stricts.<\/p>\n<p data-start=\"1709\" data-end=\"1826\">Un <strong data-start=\"1712\" data-end=\"1748\">outil d\u2019\u00e9veil complet et durable<\/strong>, id\u00e9al pour accompagner les premi\u00e8res \u00e9tapes de l\u2019apprentissage en douceur.<\/p>","protected":false},"excerpt":{"rendered":"<p>Coffret \u00c9ducatif en Bois Montessori \u00ab L\u2019Atelier des D\u00e9couvertes \u00bb Mat\u00e9riau : Bois de h\u00eatre naturel\u00c2ge recommand\u00e9 : \u00c9cole maternelle et jardin d\u2019enfantsGenre : Mixte Caract\u00e9ristiques :\u2022 Design inspir\u00e9 de la p\u00e9dagogie Montessori, favorisant l\u2019apprentissage par la manipulation\u2022 Jeu \u00e9ducatif et interactif, id\u00e9al pour le d\u00e9veloppement des premi\u00e8res comp\u00e9tences cognitives\u2022 Personnalisable : choix des couleurs et ajout de logo pour un rendu unique\u2022 Fabrication robuste en bois massif, pens\u00e9e pour une utilisation durable\u2022 Parfait pour les cr\u00e8ches, \u00e9coles maternelles et apprentissage \u00e0 la maison Sp\u00e9cifications :\u2022 Type : Coffret de jeux \u00e9ducatifs en bois\u2022 Fonction : Outils d\u2019apprentissage et activit\u00e9s ludiques\u2022 Certifications : FSC, EN71, ASTM F963, CE\u2022 Emballage : bo\u00eete blanche et carton (dimensions : 140 \u00d7 50 \u00d7 55 cm \/ 264 \u00d7 50 \u00d7 55 cm selon mod\u00e8le)\u2022 Poids : environ 530 g Description :Le Coffret \u00c9ducatif en Bois Montessori \u00ab L\u2019Atelier des D\u00e9couvertes \u00bb offre une exp\u00e9rience d\u2019apprentissage sensorielle et ludique con\u00e7ue pour stimuler la curiosit\u00e9, la coordination et la logique des jeunes enfants.Con\u00e7u \u00e0 partir de bois de h\u00eatre naturel, il allie qualit\u00e9, p\u00e9dagogie et esth\u00e9tique, tout en respectant les standards de s\u00e9curit\u00e9 les plus stricts. Un outil d\u2019\u00e9veil complet et durable, id\u00e9al pour accompagner les premi\u00e8res \u00e9tapes de l\u2019apprentissage en douceur.<\/p>","protected":false},"featured_media":3864,"comment_status":"open","ping_status":"closed","template":"","meta":{"_uag_custom_page_level_css":"","neve_meta_sidebar":"","neve_meta_container":"","neve_meta_enable_content_width":"off","neve_meta_content_width":100,"neve_meta_title_alignment":"","neve_meta_author_avatar":"","neve_post_elements_order":"","neve_meta_disable_header":"","neve_meta_disable_footer":"","neve_meta_disable_title":""},"product_brand":[],"product_cat":[34],"product_tag":[],"class_list":{"0":"post-3849","1":"product","2":"type-product","3":"status-publish","4":"has-post-thumbnail","6":"product_cat-toys","8":"first","9":"instock","10":"shipping-taxable","11":"purchasable","12":"product-type-simple"},"uagb_featured_image_src":{"full":["https:\/\/media-netherland.com\/wp-content\/uploads\/2025\/10\/Montessori-Wooden-Educational-Toy-Set.avif",300,300,false],"thumbnail":["https:\/\/media-netherland.com\/wp-content\/uploads\/2025\/10\/Montessori-Wooden-Educational-Toy-Set-150x150.avif",150,150,true],"medium":["https:\/\/media-netherland.com\/wp-content\/uploads\/2025\/10\/Montessori-Wooden-Educational-Toy-Set.avif",300,300,false],"medium_large":["https:\/\/media-netherland.com\/wp-content\/uploads\/2025\/10\/Montessori-Wooden-Educational-Toy-Set.avif",300,300,false],"large":["https:\/\/media-netherland.com\/wp-content\/uploads\/2025\/10\/Montessori-Wooden-Educational-Toy-Set.avif",300,300,false],"1536x1536":["https:\/\/media-netherland.com\/wp-content\/uploads\/2025\/10\/Montessori-Wooden-Educational-Toy-Set.avif",300,300,false],"2048x2048":["https:\/\/media-netherland.com\/wp-content\/uploads\/2025\/10\/Montessori-Wooden-Educational-Toy-Set.avif",300,300,false],"trp-custom-language-flag":["https:\/\/media-netherland.com\/wp-content\/uploads\/2025\/10\/Montessori-Wooden-Educational-Toy-Set-12x12.avif",12,12,true],"neve-blog":["https:\/\/media-netherland.com\/wp-content\/uploads\/2025\/10\/Montessori-Wooden-Educational-Toy-Set.avif",300,300,false],"woocommerce_thumbnail":["https:\/\/media-netherland.com\/wp-content\/uploads\/2025\/10\/Montessori-Wooden-Educational-Toy-Set.avif",300,300,false],"woocommerce_single":["https:\/\/media-netherland.com\/wp-content\/uploads\/2025\/10\/Montessori-Wooden-Educational-Toy-Set.avif",300,300,false],"woocommerce_gallery_thumbnail":["https:\/\/media-netherland.com\/wp-content\/uploads\/2025\/10\/Montessori-Wooden-Educational-Toy-Set-100x100.avif",100,100,true]},"uagb_author_info":{"display_name":"hostinghostinger03@gmail.com","author_link":"https:\/\/media-netherland.com\/fr\/author\/"},"uagb_comment_info":0,"uagb_excerpt":"Coffret \u00c9ducatif en Bois Montessori \u00ab L\u2019Atelier des D\u00e9couvertes \u00bb Mat\u00e9riau : Bois de h\u00eatre naturel\u00c2ge recommand\u00e9 : \u00c9cole maternelle et jardin d\u2019enfantsGenre : Mixte Caract\u00e9ristiques :\u2022 Design inspir\u00e9 de la p\u00e9dagogie Montessori, favorisant l\u2019apprentissage par la manipulation\u2022 Jeu \u00e9ducatif et interactif, id\u00e9al pour le d\u00e9veloppement des premi\u00e8res comp\u00e9tences cognitives\u2022 Personnalisable : choix des couleurs\u2026","_links":{"self":[{"href":"https:\/\/media-netherland.com\/fr\/wp-json\/wp\/v2\/product\/3849","targetHints":{"allow":["GET"]}}],"collection":[{"href":"https:\/\/media-netherland.com\/fr\/wp-json\/wp\/v2\/product"}],"about":[{"href":"https:\/\/media-netherland.com\/fr\/wp-json\/wp\/v2\/types\/product"}],"replies":[{"embeddable":true,"href":"https:\/\/media-netherland.com\/fr\/wp-json\/wp\/v2\/comments?post=3849"}],"version-history":[{"count":2,"href":"https:\/\/media-netherland.com\/fr\/wp-json\/wp\/v2\/product\/3849\/revisions"}],"predecessor-version":[{"id":3873,"href":"https:\/\/media-netherland.com\/fr\/wp-json\/wp\/v2\/product\/3849\/revisions\/3873"}],"wp:featuredmedia":[{"embeddable":true,"href":"https:\/\/media-netherland.com\/fr\/wp-json\/wp\/v2\/media\/3864"}],"wp:attachment":[{"href":"https:\/\/media-netherland.com\/fr\/wp-json\/wp\/v2\/media?parent=3849"}],"wp:term":[{"taxonomy":"product_brand","embeddable":true,"href":"https:\/\/media-netherland.com\/fr\/wp-json\/wp\/v2\/product_brand?post=3849"},{"taxonomy":"product_cat","embeddable":true,"href":"https:\/\/media-netherland.com\/fr\/wp-json\/wp\/v2\/product_cat?post=3849"},{"taxonomy":"product_tag","embeddable":true,"href":"https:\/\/media-netherland.com\/fr\/wp-json\/wp\/v2\/product_tag?post=3849"}],"curies":[{"name":"wp","href":"https:\/\/api.w.org\/{rel}","templated":true}]}}