{"id":3786,"date":"2025-10-08T07:43:35","date_gmt":"2025-10-08T07:43:35","guid":{"rendered":"https:\/\/media-netherland.com\/?post_type=product&#038;p=3786"},"modified":"2025-10-08T09:08:34","modified_gmt":"2025-10-08T09:08:34","slug":"fusee-spatiale-dimitation-mission-astronaute","status":"publish","type":"product","link":"https:\/\/media-netherland.com\/fr\/produit\/fusee-spatiale-dimitation-mission-astronaute\/","title":{"rendered":"Fus\u00e9e Spatiale d\u2019Imitation \u2013 Mission Astronaute"},"content":{"rendered":"<h3 data-start=\"152\" data-end=\"207\"><strong data-start=\"156\" data-end=\"207\">Fus\u00e9e Spatiale d\u2019Imitation \u2013 Mission Astronaute<\/strong><\/h3>\n<p data-start=\"209\" data-end=\"379\"><strong data-start=\"209\" data-end=\"224\">Mat\u00e9riaux :<\/strong> Plastique durable, finitions s\u00fbres et adapt\u00e9es aux enfants<br data-start=\"283\" data-end=\"286\" \/><strong data-start=\"286\" data-end=\"304\">Public id\u00e9al :<\/strong> Enfants de 2 \u00e0 6 ans | Jeu d\u2019imagination, th\u00e8me spatial, cadeau \u00e9ducatif<\/p>\n<p data-start=\"381\" data-end=\"977\"><strong data-start=\"381\" data-end=\"403\">Caract\u00e9ristiques :<\/strong><br data-start=\"403\" data-end=\"406\" \/>\u2022 <strong data-start=\"408\" data-end=\"445\">Design r\u00e9aliste de fus\u00e9e spatiale<\/strong>, avec panneaux de contr\u00f4le interactifs pour une immersion totale<br data-start=\"510\" data-end=\"513\" \/>\u2022 <strong data-start=\"515\" data-end=\"575\">Encourage l\u2019exploration, la cr\u00e9ativit\u00e9 et le jeu de r\u00f4le<\/strong>, tout en d\u00e9veloppant l\u2019imagination<br data-start=\"610\" data-end=\"613\" \/>\u2022 <strong data-start=\"615\" data-end=\"663\">Portes faciles d\u2019acc\u00e8s et int\u00e9rieur d\u00e9taill\u00e9<\/strong>, parfaits pour s\u2019inventer des missions dans l\u2019espace<br data-start=\"716\" data-end=\"719\" \/>\u2022 <strong data-start=\"721\" data-end=\"753\">Structure l\u00e9g\u00e8re et compacte<\/strong>, id\u00e9ale pour le jeu d\u2019int\u00e9rieur<br data-start=\"785\" data-end=\"788\" \/>\u2022 <strong data-start=\"790\" data-end=\"888\">Favorise le d\u00e9veloppement cognitif, la r\u00e9solution de probl\u00e8mes et la coop\u00e9ration entre enfants<\/strong><br data-start=\"888\" data-end=\"891\" \/>\u2022 Convient aussi bien aux <strong data-start=\"917\" data-end=\"972\">petits astronautes qu\u2019aux exploratrices de l\u2019espace<\/strong> \ud83d\ude80<\/p>\n<p data-start=\"979\" data-end=\"1061\"><strong data-start=\"979\" data-end=\"995\">Dimensions :<\/strong> Environ 102 \u00d7 46 \u00d7 46 cm (H \u00d7 L \u00d7 P)<br data-start=\"1032\" data-end=\"1035\" \/><strong data-start=\"1035\" data-end=\"1046\">Poids :<\/strong> Environ 6 kg<\/p>\n<p data-start=\"1063\" data-end=\"1181\"><strong data-start=\"1063\" data-end=\"1080\">Utilisation :<\/strong> Jeu d\u2019imitation en int\u00e9rieur, cadeau sur le th\u00e8me spatial, jouet \u00e9ducatif pour petits explorateurs<\/p>","protected":false},"excerpt":{"rendered":"<p>Fus\u00e9e Spatiale d\u2019Imitation \u2013 Mission Astronaute Mat\u00e9riaux : Plastique durable, finitions s\u00fbres et adapt\u00e9es aux enfantsPublic id\u00e9al : Enfants de 2 \u00e0 6 ans | Jeu d\u2019imagination, th\u00e8me spatial, cadeau \u00e9ducatif Caract\u00e9ristiques :\u2022 Design r\u00e9aliste de fus\u00e9e spatiale, avec panneaux de contr\u00f4le interactifs pour une immersion totale\u2022 Encourage l\u2019exploration, la cr\u00e9ativit\u00e9 et le jeu de r\u00f4le, tout en d\u00e9veloppant l\u2019imagination\u2022 Portes faciles d\u2019acc\u00e8s et int\u00e9rieur d\u00e9taill\u00e9, parfaits pour s\u2019inventer des missions dans l\u2019espace\u2022 Structure l\u00e9g\u00e8re et compacte, id\u00e9ale pour le jeu d\u2019int\u00e9rieur\u2022 Favorise le d\u00e9veloppement cognitif, la r\u00e9solution de probl\u00e8mes et la coop\u00e9ration entre enfants\u2022 Convient aussi bien aux petits astronautes qu\u2019aux exploratrices de l\u2019espace \ud83d\ude80 Dimensions : Environ 102 \u00d7 46 \u00d7 46 cm (H \u00d7 L \u00d7 P)Poids : Environ 6 kg Utilisation : Jeu d\u2019imitation en int\u00e9rieur, cadeau sur le th\u00e8me spatial, jouet \u00e9ducatif pour petits explorateurs<\/p>","protected":false},"featured_media":3834,"comment_status":"open","ping_status":"closed","template":"","meta":{"_uag_custom_page_level_css":"","neve_meta_sidebar":"","neve_meta_container":"","neve_meta_enable_content_width":"off","neve_meta_content_width":100,"neve_meta_title_alignment":"","neve_meta_author_avatar":"","neve_post_elements_order":"","neve_meta_disable_header":"","neve_meta_disable_footer":"","neve_meta_disable_title":""},"product_brand":[],"product_cat":[34],"product_tag":[],"class_list":{"0":"post-3786","1":"product","2":"type-product","3":"status-publish","4":"has-post-thumbnail","6":"product_cat-toys","8":"first","9":"instock","10":"shipping-taxable","11":"purchasable","12":"product-type-simple"},"uagb_featured_image_src":{"full":["https:\/\/media-netherland.com\/wp-content\/uploads\/2025\/10\/61rshBZyAEL._AC_SL1500_.jpg",1142,1500,false],"thumbnail":["https:\/\/media-netherland.com\/wp-content\/uploads\/2025\/10\/61rshBZyAEL._AC_SL1500_-150x150.jpg",150,150,true],"medium":["https:\/\/media-netherland.com\/wp-content\/uploads\/2025\/10\/61rshBZyAEL._AC_SL1500_-228x300.jpg",228,300,true],"medium_large":["https:\/\/media-netherland.com\/wp-content\/uploads\/2025\/10\/61rshBZyAEL._AC_SL1500_-768x1009.jpg",768,1009,true],"large":["https:\/\/media-netherland.com\/wp-content\/uploads\/2025\/10\/61rshBZyAEL._AC_SL1500_-780x1024.jpg",780,1024,true],"1536x1536":["https:\/\/media-netherland.com\/wp-content\/uploads\/2025\/10\/61rshBZyAEL._AC_SL1500_.jpg",1142,1500,false],"2048x2048":["https:\/\/media-netherland.com\/wp-content\/uploads\/2025\/10\/61rshBZyAEL._AC_SL1500_.jpg",1142,1500,false],"trp-custom-language-flag":["https:\/\/media-netherland.com\/wp-content\/uploads\/2025\/10\/61rshBZyAEL._AC_SL1500_-9x12.jpg",9,12,true],"neve-blog":["https:\/\/media-netherland.com\/wp-content\/uploads\/2025\/10\/61rshBZyAEL._AC_SL1500_-930x620.jpg",930,620,true],"woocommerce_thumbnail":["https:\/\/media-netherland.com\/wp-content\/uploads\/2025\/10\/61rshBZyAEL._AC_SL1500_-300x300.jpg",300,300,true],"woocommerce_single":["https:\/\/media-netherland.com\/wp-content\/uploads\/2025\/10\/61rshBZyAEL._AC_SL1500_-1000x1313.jpg",1000,1313,true],"woocommerce_gallery_thumbnail":["https:\/\/media-netherland.com\/wp-content\/uploads\/2025\/10\/61rshBZyAEL._AC_SL1500_-100x100.jpg",100,100,true]},"uagb_author_info":{"display_name":"hostinghostinger03@gmail.com","author_link":"https:\/\/media-netherland.com\/fr\/author\/"},"uagb_comment_info":0,"uagb_excerpt":"Fus\u00e9e Spatiale d\u2019Imitation \u2013 Mission Astronaute Mat\u00e9riaux : Plastique durable, finitions s\u00fbres et adapt\u00e9es aux enfantsPublic id\u00e9al : Enfants de 2 \u00e0 6 ans | Jeu d\u2019imagination, th\u00e8me spatial, cadeau \u00e9ducatif Caract\u00e9ristiques :\u2022 Design r\u00e9aliste de fus\u00e9e spatiale, avec panneaux de contr\u00f4le interactifs pour une immersion totale\u2022 Encourage l\u2019exploration, la cr\u00e9ativit\u00e9 et le jeu de\u2026","_links":{"self":[{"href":"https:\/\/media-netherland.com\/fr\/wp-json\/wp\/v2\/product\/3786","targetHints":{"allow":["GET"]}}],"collection":[{"href":"https:\/\/media-netherland.com\/fr\/wp-json\/wp\/v2\/product"}],"about":[{"href":"https:\/\/media-netherland.com\/fr\/wp-json\/wp\/v2\/types\/product"}],"replies":[{"embeddable":true,"href":"https:\/\/media-netherland.com\/fr\/wp-json\/wp\/v2\/comments?post=3786"}],"version-history":[{"count":3,"href":"https:\/\/media-netherland.com\/fr\/wp-json\/wp\/v2\/product\/3786\/revisions"}],"predecessor-version":[{"id":3900,"href":"https:\/\/media-netherland.com\/fr\/wp-json\/wp\/v2\/product\/3786\/revisions\/3900"}],"wp:featuredmedia":[{"embeddable":true,"href":"https:\/\/media-netherland.com\/fr\/wp-json\/wp\/v2\/media\/3834"}],"wp:attachment":[{"href":"https:\/\/media-netherland.com\/fr\/wp-json\/wp\/v2\/media?parent=3786"}],"wp:term":[{"taxonomy":"product_brand","embeddable":true,"href":"https:\/\/media-netherland.com\/fr\/wp-json\/wp\/v2\/product_brand?post=3786"},{"taxonomy":"product_cat","embeddable":true,"href":"https:\/\/media-netherland.com\/fr\/wp-json\/wp\/v2\/product_cat?post=3786"},{"taxonomy":"product_tag","embeddable":true,"href":"https:\/\/media-netherland.com\/fr\/wp-json\/wp\/v2\/product_tag?post=3786"}],"curies":[{"name":"wp","href":"https:\/\/api.w.org\/{rel}","templated":true}]}}