{"id":3781,"date":"2025-10-08T07:43:35","date_gmt":"2025-10-08T07:43:35","guid":{"rendered":"https:\/\/media-netherland.com\/?post_type=product&#038;p=3781"},"modified":"2025-10-08T09:00:20","modified_gmt":"2025-10-08T09:00:20","slug":"set-de-jeu-dimitation-en-bois","status":"publish","type":"product","link":"https:\/\/media-netherland.com\/fr\/produit\/set-de-jeu-dimitation-en-bois\/","title":{"rendered":"Set de Jeu d\u2019Imitation en Bois"},"content":{"rendered":"<h3 data-start=\"169\" data-end=\"234\"><strong data-start=\"173\" data-end=\"234\">Set de Jeu d\u2019Imitation en Bois \u00ab Mini M\u00e9nage Montessori \u00bb<\/strong><\/h3>\n<p data-start=\"236\" data-end=\"341\"><strong data-start=\"236\" data-end=\"251\">Mat\u00e9riaux :<\/strong> Bois naturel et plastique durable<br data-start=\"285\" data-end=\"288\" \/><strong data-start=\"288\" data-end=\"306\">Public id\u00e9al :<\/strong> Tout-petits et enfants d\u00e8s 2 ans<\/p>\n<p data-start=\"343\" data-end=\"838\"><strong data-start=\"343\" data-end=\"365\">Caract\u00e9ristiques :<\/strong><br data-start=\"365\" data-end=\"368\" \/>\u2022 <strong data-start=\"370\" data-end=\"406\">Coffret complet de 6 accessoires<\/strong> comprenant : balai, serpilli\u00e8re, brosse, pelle, plumeau et support de rangement<br data-start=\"486\" data-end=\"489\" \/>\u2022 <strong data-start=\"491\" data-end=\"520\">Conception solide en bois<\/strong>, facile \u00e0 manipuler et parfaitement adapt\u00e9e aux petites mains<br data-start=\"582\" data-end=\"585\" \/>\u2022 <strong data-start=\"587\" data-end=\"646\">Encourage le jeu de r\u00f4le et le sens des responsabilit\u00e9s<\/strong>, tout en rendant l\u2019apprentissage amusant<br data-start=\"687\" data-end=\"690\" \/>\u2022 <strong data-start=\"692\" data-end=\"768\">Favorise la motricit\u00e9 fine, la coordination \u0153il-main et la concentration<\/strong><br data-start=\"768\" data-end=\"771\" data-is-only-node=\"\" \/>\u2022 <strong data-start=\"773\" data-end=\"817\">Id\u00e9al pour le jeu \u00e9ducatif et interactif<\/strong>, seul ou en groupe<\/p>\n<p data-start=\"840\" data-end=\"1073\"><br data-start=\"888\" data-end=\"891\" \/><strong data-start=\"891\" data-end=\"903\">Formes :<\/strong> Outils de m\u00e9nage miniatures<br data-start=\"931\" data-end=\"934\" \/><strong data-start=\"934\" data-end=\"947\">Coloris :<\/strong> Bois naturel avec touches color\u00e9es<br data-start=\"982\" data-end=\"985\" \/><strong data-start=\"985\" data-end=\"1002\">Utilisation :<\/strong> Jeu d\u2019imitation, apprentissage pr\u00e9coce, d\u00e9veloppement de l\u2019autonomie<\/p>\n<p data-start=\"1075\" data-end=\"1400\"><strong data-start=\"1075\" data-end=\"1092\">Description :<\/strong><br data-start=\"1092\" data-end=\"1095\" \/>Le <strong data-start=\"1098\" data-end=\"1159\">Set de Jeu d\u2019Imitation en Bois \u00ab Mini M\u00e9nage Montessori \u00bb<\/strong> transforme le jeu en une <strong data-start=\"1185\" data-end=\"1239\">exp\u00e9rience d\u2019apprentissage concr\u00e8te et valorisante<\/strong>. En imitant les gestes du quotidien, l\u2019enfant d\u00e9veloppe sa coordination, son autonomie et son sens de la responsabilit\u00e9 dans un cadre ludique et bienveillant.<\/p>\n<p data-start=\"1402\" data-end=\"1560\">Fabriqu\u00e9 en <strong data-start=\"1414\" data-end=\"1430\">bois naturel<\/strong> avec des finitions soign\u00e9es, ce set s\u2019int\u00e8gre parfaitement dans un univers d\u2019\u00e9veil \u00e9ducatif inspir\u00e9 de la p\u00e9dagogie Montessori.<\/p>\n<p data-start=\"1562\" data-end=\"1695\">Un <strong data-start=\"1565\" data-end=\"1613\">jouet \u00e9ducatif \u00e0 la fois r\u00e9aliste et durable<\/strong>, id\u00e9al pour \u00e9veiller la curiosit\u00e9 et la confiance en soi d\u00e8s le plus jeune \u00e2ge.<\/p>","protected":false},"excerpt":{"rendered":"<p>Set de Jeu d\u2019Imitation en Bois \u00ab Mini M\u00e9nage Montessori \u00bb Mat\u00e9riaux : Bois naturel et plastique durablePublic id\u00e9al : Tout-petits et enfants d\u00e8s 2 ans Caract\u00e9ristiques :\u2022 Coffret complet de 6 accessoires comprenant : balai, serpilli\u00e8re, brosse, pelle, plumeau et support de rangement\u2022 Conception solide en bois, facile \u00e0 manipuler et parfaitement adapt\u00e9e aux petites mains\u2022 Encourage le jeu de r\u00f4le et le sens des responsabilit\u00e9s, tout en rendant l\u2019apprentissage amusant\u2022 Favorise la motricit\u00e9 fine, la coordination \u0153il-main et la concentration\u2022 Id\u00e9al pour le jeu \u00e9ducatif et interactif, seul ou en groupe Formes : Outils de m\u00e9nage miniaturesColoris : Bois naturel avec touches color\u00e9esUtilisation : Jeu d\u2019imitation, apprentissage pr\u00e9coce, d\u00e9veloppement de l\u2019autonomie Description :Le Set de Jeu d\u2019Imitation en Bois \u00ab Mini M\u00e9nage Montessori \u00bb transforme le jeu en une exp\u00e9rience d\u2019apprentissage concr\u00e8te et valorisante. En imitant les gestes du quotidien, l\u2019enfant d\u00e9veloppe sa coordination, son autonomie et son sens de la responsabilit\u00e9 dans un cadre ludique et bienveillant. Fabriqu\u00e9 en bois naturel avec des finitions soign\u00e9es, ce set s\u2019int\u00e8gre parfaitement dans un univers d\u2019\u00e9veil \u00e9ducatif inspir\u00e9 de la p\u00e9dagogie Montessori. Un jouet \u00e9ducatif \u00e0 la fois r\u00e9aliste et durable, id\u00e9al pour \u00e9veiller la curiosit\u00e9 et la confiance en soi d\u00e8s le plus jeune \u00e2ge.<\/p>","protected":false},"featured_media":3814,"comment_status":"open","ping_status":"closed","template":"","meta":{"_uag_custom_page_level_css":"","neve_meta_sidebar":"","neve_meta_container":"","neve_meta_enable_content_width":"off","neve_meta_content_width":100,"neve_meta_title_alignment":"","neve_meta_author_avatar":"","neve_post_elements_order":"","neve_meta_disable_header":"","neve_meta_disable_footer":"","neve_meta_disable_title":""},"product_brand":[],"product_cat":[34],"product_tag":[],"class_list":{"0":"post-3781","1":"product","2":"type-product","3":"status-publish","4":"has-post-thumbnail","6":"product_cat-toys","8":"first","9":"instock","10":"shipping-taxable","11":"purchasable","12":"product-type-simple"},"uagb_featured_image_src":{"full":["https:\/\/media-netherland.com\/wp-content\/uploads\/2025\/10\/71Ge5C1rzvL._AC_SL1500_.jpg",1215,1500,false],"thumbnail":["https:\/\/media-netherland.com\/wp-content\/uploads\/2025\/10\/71Ge5C1rzvL._AC_SL1500_-150x150.jpg",150,150,true],"medium":["https:\/\/media-netherland.com\/wp-content\/uploads\/2025\/10\/71Ge5C1rzvL._AC_SL1500_-243x300.jpg",243,300,true],"medium_large":["https:\/\/media-netherland.com\/wp-content\/uploads\/2025\/10\/71Ge5C1rzvL._AC_SL1500_-768x948.jpg",768,948,true],"large":["https:\/\/media-netherland.com\/wp-content\/uploads\/2025\/10\/71Ge5C1rzvL._AC_SL1500_-829x1024.jpg",829,1024,true],"1536x1536":["https:\/\/media-netherland.com\/wp-content\/uploads\/2025\/10\/71Ge5C1rzvL._AC_SL1500_.jpg",1215,1500,false],"2048x2048":["https:\/\/media-netherland.com\/wp-content\/uploads\/2025\/10\/71Ge5C1rzvL._AC_SL1500_.jpg",1215,1500,false],"trp-custom-language-flag":["https:\/\/media-netherland.com\/wp-content\/uploads\/2025\/10\/71Ge5C1rzvL._AC_SL1500_-10x12.jpg",10,12,true],"neve-blog":["https:\/\/media-netherland.com\/wp-content\/uploads\/2025\/10\/71Ge5C1rzvL._AC_SL1500_-930x620.jpg",930,620,true],"woocommerce_thumbnail":["https:\/\/media-netherland.com\/wp-content\/uploads\/2025\/10\/71Ge5C1rzvL._AC_SL1500_-300x300.jpg",300,300,true],"woocommerce_single":["https:\/\/media-netherland.com\/wp-content\/uploads\/2025\/10\/71Ge5C1rzvL._AC_SL1500_-1000x1235.jpg",1000,1235,true],"woocommerce_gallery_thumbnail":["https:\/\/media-netherland.com\/wp-content\/uploads\/2025\/10\/71Ge5C1rzvL._AC_SL1500_-100x100.jpg",100,100,true]},"uagb_author_info":{"display_name":"hostinghostinger03@gmail.com","author_link":"https:\/\/media-netherland.com\/fr\/author\/"},"uagb_comment_info":0,"uagb_excerpt":"Set de Jeu d\u2019Imitation en Bois \u00ab Mini M\u00e9nage Montessori \u00bb Mat\u00e9riaux : Bois naturel et plastique durablePublic id\u00e9al : Tout-petits et enfants d\u00e8s 2 ans Caract\u00e9ristiques :\u2022 Coffret complet de 6 accessoires comprenant : balai, serpilli\u00e8re, brosse, pelle, plumeau et support de rangement\u2022 Conception solide en bois, facile \u00e0 manipuler et parfaitement adapt\u00e9e aux\u2026","_links":{"self":[{"href":"https:\/\/media-netherland.com\/fr\/wp-json\/wp\/v2\/product\/3781","targetHints":{"allow":["GET"]}}],"collection":[{"href":"https:\/\/media-netherland.com\/fr\/wp-json\/wp\/v2\/product"}],"about":[{"href":"https:\/\/media-netherland.com\/fr\/wp-json\/wp\/v2\/types\/product"}],"replies":[{"embeddable":true,"href":"https:\/\/media-netherland.com\/fr\/wp-json\/wp\/v2\/comments?post=3781"}],"version-history":[{"count":3,"href":"https:\/\/media-netherland.com\/fr\/wp-json\/wp\/v2\/product\/3781\/revisions"}],"predecessor-version":[{"id":3892,"href":"https:\/\/media-netherland.com\/fr\/wp-json\/wp\/v2\/product\/3781\/revisions\/3892"}],"wp:featuredmedia":[{"embeddable":true,"href":"https:\/\/media-netherland.com\/fr\/wp-json\/wp\/v2\/media\/3814"}],"wp:attachment":[{"href":"https:\/\/media-netherland.com\/fr\/wp-json\/wp\/v2\/media?parent=3781"}],"wp:term":[{"taxonomy":"product_brand","embeddable":true,"href":"https:\/\/media-netherland.com\/fr\/wp-json\/wp\/v2\/product_brand?post=3781"},{"taxonomy":"product_cat","embeddable":true,"href":"https:\/\/media-netherland.com\/fr\/wp-json\/wp\/v2\/product_cat?post=3781"},{"taxonomy":"product_tag","embeddable":true,"href":"https:\/\/media-netherland.com\/fr\/wp-json\/wp\/v2\/product_tag?post=3781"}],"curies":[{"name":"wp","href":"https:\/\/api.w.org\/{rel}","templated":true}]}}