{"id":3779,"date":"2025-10-08T07:43:35","date_gmt":"2025-10-08T07:43:35","guid":{"rendered":"https:\/\/media-netherland.com\/?post_type=product&#038;p=3779"},"modified":"2025-10-08T08:54:48","modified_gmt":"2025-10-08T08:54:48","slug":"requin-telecommande-etanche","status":"publish","type":"product","link":"https:\/\/media-netherland.com\/fr\/produit\/requin-telecommande-etanche\/","title":{"rendered":"Requin T\u00e9l\u00e9command\u00e9 \u00c9tanche"},"content":{"rendered":"<h3 data-start=\"162\" data-end=\"211\"><strong data-start=\"166\" data-end=\"211\">Requin T\u00e9l\u00e9command\u00e9 \u00c9tanche \u00ab AquaRider \u00bb<\/strong><\/h3>\n<p data-start=\"213\" data-end=\"376\"><strong data-start=\"213\" data-end=\"228\">Mat\u00e9riaux :<\/strong> Plastique r\u00e9sistant et composants \u00e9lectroniques<br data-start=\"276\" data-end=\"279\" \/><strong data-start=\"279\" data-end=\"297\">Public id\u00e9al :<\/strong> Enfants d\u00e8s 6 ans, amateurs de jeux aquatiques et de v\u00e9hicules t\u00e9l\u00e9command\u00e9s<\/p>\n<p data-start=\"378\" data-end=\"890\"><strong data-start=\"378\" data-end=\"400\">Caract\u00e9ristiques :<\/strong><br data-start=\"400\" data-end=\"403\" \/>\u2022 <strong data-start=\"405\" data-end=\"440\">Design de requin ultra-r\u00e9aliste<\/strong> avec mouvements fluides et naturels dans l\u2019eau<br data-start=\"487\" data-end=\"490\" \/>\u2022 <strong data-start=\"492\" data-end=\"550\">Effets lumineux LED et fonction de pulv\u00e9risation d\u2019eau<\/strong>, pour un jeu encore plus immersif<br data-start=\"584\" data-end=\"587\" \/>\u2022 <strong data-start=\"589\" data-end=\"620\">Syst\u00e8me de s\u00e9curit\u00e9 int\u00e9gr\u00e9<\/strong> : le moteur s\u2019arr\u00eate automatiquement hors de l\u2019eau<br data-start=\"671\" data-end=\"674\" \/>\u2022 <strong data-start=\"676\" data-end=\"712\">T\u00e9l\u00e9commande enti\u00e8rement \u00e9tanche<\/strong>, pour un contr\u00f4le facile et s\u00fbr m\u00eame en milieu aquatique<br data-start=\"769\" data-end=\"772\" \/>\u2022 <strong data-start=\"774\" data-end=\"836\">Favorise la curiosit\u00e9 et l\u2019apprentissage sur la vie marine<\/strong>, tout en stimulant la coordination et l\u2019imagination<\/p>\n<p data-start=\"892\" data-end=\"1051\"><br data-start=\"934\" data-end=\"937\" \/><strong data-start=\"937\" data-end=\"948\">Forme :<\/strong> Requin<br data-start=\"955\" data-end=\"958\" \/><strong data-start=\"958\" data-end=\"975\">Utilisation :<\/strong> Jouet aquatique, jeu t\u00e9l\u00e9command\u00e9, activit\u00e9 \u00e9ducative sur la faune marine<\/p>\n<p data-start=\"1053\" data-end=\"1363\"><strong data-start=\"1053\" data-end=\"1070\">Description :<\/strong><br data-start=\"1070\" data-end=\"1073\" \/>Le <strong data-start=\"1076\" data-end=\"1121\">Requin T\u00e9l\u00e9command\u00e9 \u00c9tanche \u00ab AquaRider \u00bb<\/strong> transforme le bain, la piscine ou l\u2019\u00e9tang en <strong data-start=\"1167\" data-end=\"1199\">terrain d\u2019aventure aquatique<\/strong>. Avec ses mouvements r\u00e9alistes et ses effets lumineux, il plonge les enfants dans une <strong data-start=\"1286\" data-end=\"1323\">exp\u00e9rience interactive captivante<\/strong>, \u00e0 mi-chemin entre jeu et d\u00e9couverte.<\/p>\n<p data-start=\"1365\" data-end=\"1522\">Con\u00e7u pour offrir <strong data-start=\"1383\" data-end=\"1418\">s\u00e9curit\u00e9, durabilit\u00e9 et plaisir<\/strong>, ce jouet innovant \u00e9merveille aussi bien les petits explorateurs que les passionn\u00e9s de t\u00e9l\u00e9command\u00e9s.<\/p>\n<p data-start=\"1524\" data-end=\"1640\">Un <strong data-start=\"1527\" data-end=\"1563\">cadeau original et spectaculaire<\/strong>, parfait pour faire na\u00eetre des vocations de petits explorateurs des mers !<\/p>","protected":false},"excerpt":{"rendered":"<p>Requin T\u00e9l\u00e9command\u00e9 \u00c9tanche \u00ab AquaRider \u00bb Mat\u00e9riaux : Plastique r\u00e9sistant et composants \u00e9lectroniquesPublic id\u00e9al : Enfants d\u00e8s 6 ans, amateurs de jeux aquatiques et de v\u00e9hicules t\u00e9l\u00e9command\u00e9s Caract\u00e9ristiques :\u2022 Design de requin ultra-r\u00e9aliste avec mouvements fluides et naturels dans l\u2019eau\u2022 Effets lumineux LED et fonction de pulv\u00e9risation d\u2019eau, pour un jeu encore plus immersif\u2022 Syst\u00e8me de s\u00e9curit\u00e9 int\u00e9gr\u00e9 : le moteur s\u2019arr\u00eate automatiquement hors de l\u2019eau\u2022 T\u00e9l\u00e9commande enti\u00e8rement \u00e9tanche, pour un contr\u00f4le facile et s\u00fbr m\u00eame en milieu aquatique\u2022 Favorise la curiosit\u00e9 et l\u2019apprentissage sur la vie marine, tout en stimulant la coordination et l\u2019imagination Forme : RequinUtilisation : Jouet aquatique, jeu t\u00e9l\u00e9command\u00e9, activit\u00e9 \u00e9ducative sur la faune marine Description :Le Requin T\u00e9l\u00e9command\u00e9 \u00c9tanche \u00ab AquaRider \u00bb transforme le bain, la piscine ou l\u2019\u00e9tang en terrain d\u2019aventure aquatique. Avec ses mouvements r\u00e9alistes et ses effets lumineux, il plonge les enfants dans une exp\u00e9rience interactive captivante, \u00e0 mi-chemin entre jeu et d\u00e9couverte. Con\u00e7u pour offrir s\u00e9curit\u00e9, durabilit\u00e9 et plaisir, ce jouet innovant \u00e9merveille aussi bien les petits explorateurs que les passionn\u00e9s de t\u00e9l\u00e9command\u00e9s. Un cadeau original et spectaculaire, parfait pour faire na\u00eetre des vocations de petits explorateurs des mers !<\/p>","protected":false},"featured_media":3808,"comment_status":"open","ping_status":"closed","template":"","meta":{"_uag_custom_page_level_css":"","neve_meta_sidebar":"","neve_meta_container":"","neve_meta_enable_content_width":"off","neve_meta_content_width":100,"neve_meta_title_alignment":"","neve_meta_author_avatar":"","neve_post_elements_order":"","neve_meta_disable_header":"","neve_meta_disable_footer":"","neve_meta_disable_title":""},"product_brand":[],"product_cat":[34],"product_tag":[],"class_list":{"0":"post-3779","1":"product","2":"type-product","3":"status-publish","4":"has-post-thumbnail","6":"product_cat-toys","8":"first","9":"instock","10":"shipping-taxable","11":"purchasable","12":"product-type-simple"},"uagb_featured_image_src":{"full":["https:\/\/media-netherland.com\/wp-content\/uploads\/2025\/10\/71-YecwGnJL._AC_SL1500_.jpg",1500,1500,false],"thumbnail":["https:\/\/media-netherland.com\/wp-content\/uploads\/2025\/10\/71-YecwGnJL._AC_SL1500_-150x150.jpg",150,150,true],"medium":["https:\/\/media-netherland.com\/wp-content\/uploads\/2025\/10\/71-YecwGnJL._AC_SL1500_-300x300.jpg",300,300,true],"medium_large":["https:\/\/media-netherland.com\/wp-content\/uploads\/2025\/10\/71-YecwGnJL._AC_SL1500_-768x768.jpg",768,768,true],"large":["https:\/\/media-netherland.com\/wp-content\/uploads\/2025\/10\/71-YecwGnJL._AC_SL1500_-1024x1024.jpg",1024,1024,true],"1536x1536":["https:\/\/media-netherland.com\/wp-content\/uploads\/2025\/10\/71-YecwGnJL._AC_SL1500_.jpg",1500,1500,false],"2048x2048":["https:\/\/media-netherland.com\/wp-content\/uploads\/2025\/10\/71-YecwGnJL._AC_SL1500_.jpg",1500,1500,false],"trp-custom-language-flag":["https:\/\/media-netherland.com\/wp-content\/uploads\/2025\/10\/71-YecwGnJL._AC_SL1500_-12x12.jpg",12,12,true],"neve-blog":["https:\/\/media-netherland.com\/wp-content\/uploads\/2025\/10\/71-YecwGnJL._AC_SL1500_-930x620.jpg",930,620,true],"woocommerce_thumbnail":["https:\/\/media-netherland.com\/wp-content\/uploads\/2025\/10\/71-YecwGnJL._AC_SL1500_-300x300.jpg",300,300,true],"woocommerce_single":["https:\/\/media-netherland.com\/wp-content\/uploads\/2025\/10\/71-YecwGnJL._AC_SL1500_-1000x1000.jpg",1000,1000,true],"woocommerce_gallery_thumbnail":["https:\/\/media-netherland.com\/wp-content\/uploads\/2025\/10\/71-YecwGnJL._AC_SL1500_-100x100.jpg",100,100,true]},"uagb_author_info":{"display_name":"hostinghostinger03@gmail.com","author_link":"https:\/\/media-netherland.com\/fr\/author\/"},"uagb_comment_info":0,"uagb_excerpt":"Requin T\u00e9l\u00e9command\u00e9 \u00c9tanche \u00ab AquaRider \u00bb Mat\u00e9riaux : Plastique r\u00e9sistant et composants \u00e9lectroniquesPublic id\u00e9al : Enfants d\u00e8s 6 ans, amateurs de jeux aquatiques et de v\u00e9hicules t\u00e9l\u00e9command\u00e9s Caract\u00e9ristiques :\u2022 Design de requin ultra-r\u00e9aliste avec mouvements fluides et naturels dans l\u2019eau\u2022 Effets lumineux LED et fonction de pulv\u00e9risation d\u2019eau, pour un jeu encore plus immersif\u2022 Syst\u00e8me\u2026","_links":{"self":[{"href":"https:\/\/media-netherland.com\/fr\/wp-json\/wp\/v2\/product\/3779","targetHints":{"allow":["GET"]}}],"collection":[{"href":"https:\/\/media-netherland.com\/fr\/wp-json\/wp\/v2\/product"}],"about":[{"href":"https:\/\/media-netherland.com\/fr\/wp-json\/wp\/v2\/types\/product"}],"replies":[{"embeddable":true,"href":"https:\/\/media-netherland.com\/fr\/wp-json\/wp\/v2\/comments?post=3779"}],"version-history":[{"count":4,"href":"https:\/\/media-netherland.com\/fr\/wp-json\/wp\/v2\/product\/3779\/revisions"}],"predecessor-version":[{"id":3888,"href":"https:\/\/media-netherland.com\/fr\/wp-json\/wp\/v2\/product\/3779\/revisions\/3888"}],"wp:featuredmedia":[{"embeddable":true,"href":"https:\/\/media-netherland.com\/fr\/wp-json\/wp\/v2\/media\/3808"}],"wp:attachment":[{"href":"https:\/\/media-netherland.com\/fr\/wp-json\/wp\/v2\/media?parent=3779"}],"wp:term":[{"taxonomy":"product_brand","embeddable":true,"href":"https:\/\/media-netherland.com\/fr\/wp-json\/wp\/v2\/product_brand?post=3779"},{"taxonomy":"product_cat","embeddable":true,"href":"https:\/\/media-netherland.com\/fr\/wp-json\/wp\/v2\/product_cat?post=3779"},{"taxonomy":"product_tag","embeddable":true,"href":"https:\/\/media-netherland.com\/fr\/wp-json\/wp\/v2\/product_tag?post=3779"}],"curies":[{"name":"wp","href":"https:\/\/api.w.org\/{rel}","templated":true}]}}