{"id":3778,"date":"2025-10-08T07:43:35","date_gmt":"2025-10-08T07:43:35","guid":{"rendered":"https:\/\/media-netherland.com\/?post_type=product&#038;p=3778"},"modified":"2025-10-08T08:52:24","modified_gmt":"2025-10-08T08:52:24","slug":"set-de-bateaux-magnetiques-de-bain","status":"publish","type":"product","link":"https:\/\/media-netherland.com\/fr\/produit\/set-de-bateaux-magnetiques-de-bain\/","title":{"rendered":"Set de Bateaux Magn\u00e9tiques de Bain"},"content":{"rendered":"<h3 data-start=\"158\" data-end=\"223\"><strong data-start=\"162\" data-end=\"223\">Set de Bateaux Magn\u00e9tiques de Bain \u00ab Flotteurs Magiques \u00bb<\/strong><\/h3>\n<p data-start=\"225\" data-end=\"340\"><strong data-start=\"225\" data-end=\"239\">Mat\u00e9riau :<\/strong> Plastique sans BPA, s\u00fbr et r\u00e9sistant<br data-start=\"276\" data-end=\"279\" \/><strong data-start=\"279\" data-end=\"297\">Public id\u00e9al :<\/strong> Tout-petits et enfants d\u2019\u00e2ge pr\u00e9scolaire<\/p>\n<p data-start=\"342\" data-end=\"806\"><strong data-start=\"342\" data-end=\"364\">Caract\u00e9ristiques :<\/strong><br data-start=\"364\" data-end=\"367\" \/>\u2022 Comprend <strong data-start=\"378\" data-end=\"411\">4 bateaux color\u00e9s magn\u00e9tiques<\/strong> pour des jeux interactifs et amusants dans le bain<br data-start=\"462\" data-end=\"465\" \/>\u2022 Aide les enfants \u00e0 <strong data-start=\"486\" data-end=\"528\">apprendre les couleurs et les chiffres<\/strong> de mani\u00e8re ludique<br data-start=\"547\" data-end=\"550\" \/>\u2022 <strong data-start=\"552\" data-end=\"599\">Forme ergonomique adapt\u00e9e aux petites mains<\/strong>, facile \u00e0 saisir et \u00e0 manipuler<br data-start=\"631\" data-end=\"634\" \/>\u2022 <strong data-start=\"636\" data-end=\"710\">D\u00e9veloppe la motricit\u00e9 fine, la coordination \u0153il-main et l\u2019imagination<\/strong><br data-start=\"710\" data-end=\"713\" data-is-only-node=\"\" \/>\u2022 <strong data-start=\"715\" data-end=\"745\">Mat\u00e9riaux durables et s\u00fbrs<\/strong>, con\u00e7us pour r\u00e9sister \u00e0 de longues heures de jeu aquatique<\/p>\n<p data-start=\"808\" data-end=\"971\"><br data-start=\"850\" data-end=\"853\" \/><strong data-start=\"853\" data-end=\"864\">Forme :<\/strong> Bateau<br data-start=\"871\" data-end=\"874\" \/><strong data-start=\"874\" data-end=\"891\">Utilisation :<\/strong> Jouet de bain, jeu d\u2019eau, apprentissage pr\u00e9coce<br data-start=\"939\" data-end=\"942\" \/><strong data-start=\"942\" data-end=\"956\">Couleurs :<\/strong> Multicolores<\/p>\n<p data-start=\"973\" data-end=\"1284\"><strong data-start=\"973\" data-end=\"990\">Description :<\/strong><br data-start=\"990\" data-end=\"993\" \/>Le <strong data-start=\"996\" data-end=\"1057\">Set de Bateaux Magn\u00e9tiques de Bain \u00ab Flotteurs Magiques \u00bb<\/strong> invite les enfants \u00e0 embarquer pour une <strong data-start=\"1098\" data-end=\"1142\">aventure aquatique pleine de d\u00e9couvertes<\/strong>. Gr\u00e2ce \u00e0 leurs aimants int\u00e9gr\u00e9s, les bateaux s\u2019attirent et se connectent, stimulant la curiosit\u00e9 et l\u2019esprit d\u2019observation des tout-petits.<\/p>\n<p data-start=\"1286\" data-end=\"1406\">Parfait pour transformer le bain en un <strong data-start=\"1325\" data-end=\"1358\">moment d\u2019apprentissage joyeux<\/strong>, ce set allie plaisir, s\u00e9curit\u00e9 et p\u00e9dagogie.<\/p>\n<p data-start=\"1408\" data-end=\"1501\">Un <strong data-start=\"1411\" data-end=\"1427\">cadeau id\u00e9al<\/strong> pour \u00e9veiller la cr\u00e9ativit\u00e9 et rendre chaque bain encore plus magique !<\/p>","protected":false},"excerpt":{"rendered":"<p>Set de Bateaux Magn\u00e9tiques de Bain \u00ab Flotteurs Magiques \u00bb Mat\u00e9riau : Plastique sans BPA, s\u00fbr et r\u00e9sistantPublic id\u00e9al : Tout-petits et enfants d\u2019\u00e2ge pr\u00e9scolaire Caract\u00e9ristiques :\u2022 Comprend 4 bateaux color\u00e9s magn\u00e9tiques pour des jeux interactifs et amusants dans le bain\u2022 Aide les enfants \u00e0 apprendre les couleurs et les chiffres de mani\u00e8re ludique\u2022 Forme ergonomique adapt\u00e9e aux petites mains, facile \u00e0 saisir et \u00e0 manipuler\u2022 D\u00e9veloppe la motricit\u00e9 fine, la coordination \u0153il-main et l\u2019imagination\u2022 Mat\u00e9riaux durables et s\u00fbrs, con\u00e7us pour r\u00e9sister \u00e0 de longues heures de jeu aquatique Forme : BateauUtilisation : Jouet de bain, jeu d\u2019eau, apprentissage pr\u00e9coceCouleurs : Multicolores Description :Le Set de Bateaux Magn\u00e9tiques de Bain \u00ab Flotteurs Magiques \u00bb invite les enfants \u00e0 embarquer pour une aventure aquatique pleine de d\u00e9couvertes. Gr\u00e2ce \u00e0 leurs aimants int\u00e9gr\u00e9s, les bateaux s\u2019attirent et se connectent, stimulant la curiosit\u00e9 et l\u2019esprit d\u2019observation des tout-petits. Parfait pour transformer le bain en un moment d\u2019apprentissage joyeux, ce set allie plaisir, s\u00e9curit\u00e9 et p\u00e9dagogie. Un cadeau id\u00e9al pour \u00e9veiller la cr\u00e9ativit\u00e9 et rendre chaque bain encore plus magique !<\/p>","protected":false},"featured_media":3804,"comment_status":"open","ping_status":"closed","template":"","meta":{"_uag_custom_page_level_css":"","neve_meta_sidebar":"","neve_meta_container":"","neve_meta_enable_content_width":"off","neve_meta_content_width":100,"neve_meta_title_alignment":"","neve_meta_author_avatar":"","neve_post_elements_order":"","neve_meta_disable_header":"","neve_meta_disable_footer":"","neve_meta_disable_title":""},"product_brand":[],"product_cat":[34],"product_tag":[],"class_list":{"0":"post-3778","1":"product","2":"type-product","3":"status-publish","4":"has-post-thumbnail","6":"product_cat-toys","8":"first","9":"instock","10":"shipping-taxable","11":"purchasable","12":"product-type-simple"},"uagb_featured_image_src":{"full":["https:\/\/media-netherland.com\/wp-content\/uploads\/2025\/10\/61JIPypB5EL._AC_SL1250_.jpg",1250,891,false],"thumbnail":["https:\/\/media-netherland.com\/wp-content\/uploads\/2025\/10\/61JIPypB5EL._AC_SL1250_-150x150.jpg",150,150,true],"medium":["https:\/\/media-netherland.com\/wp-content\/uploads\/2025\/10\/61JIPypB5EL._AC_SL1250_-300x214.jpg",300,214,true],"medium_large":["https:\/\/media-netherland.com\/wp-content\/uploads\/2025\/10\/61JIPypB5EL._AC_SL1250_-768x547.jpg",768,547,true],"large":["https:\/\/media-netherland.com\/wp-content\/uploads\/2025\/10\/61JIPypB5EL._AC_SL1250_-1024x730.jpg",1024,730,true],"1536x1536":["https:\/\/media-netherland.com\/wp-content\/uploads\/2025\/10\/61JIPypB5EL._AC_SL1250_.jpg",1250,891,false],"2048x2048":["https:\/\/media-netherland.com\/wp-content\/uploads\/2025\/10\/61JIPypB5EL._AC_SL1250_.jpg",1250,891,false],"trp-custom-language-flag":["https:\/\/media-netherland.com\/wp-content\/uploads\/2025\/10\/61JIPypB5EL._AC_SL1250_-18x12.jpg",18,12,true],"neve-blog":["https:\/\/media-netherland.com\/wp-content\/uploads\/2025\/10\/61JIPypB5EL._AC_SL1250_-930x620.jpg",930,620,true],"woocommerce_thumbnail":["https:\/\/media-netherland.com\/wp-content\/uploads\/2025\/10\/61JIPypB5EL._AC_SL1250_-300x300.jpg",300,300,true],"woocommerce_single":["https:\/\/media-netherland.com\/wp-content\/uploads\/2025\/10\/61JIPypB5EL._AC_SL1250_-1000x713.jpg",1000,713,true],"woocommerce_gallery_thumbnail":["https:\/\/media-netherland.com\/wp-content\/uploads\/2025\/10\/61JIPypB5EL._AC_SL1250_-100x100.jpg",100,100,true]},"uagb_author_info":{"display_name":"hostinghostinger03@gmail.com","author_link":"https:\/\/media-netherland.com\/fr\/author\/"},"uagb_comment_info":0,"uagb_excerpt":"Set de Bateaux Magn\u00e9tiques de Bain \u00ab Flotteurs Magiques \u00bb Mat\u00e9riau : Plastique sans BPA, s\u00fbr et r\u00e9sistantPublic id\u00e9al : Tout-petits et enfants d\u2019\u00e2ge pr\u00e9scolaire Caract\u00e9ristiques :\u2022 Comprend 4 bateaux color\u00e9s magn\u00e9tiques pour des jeux interactifs et amusants dans le bain\u2022 Aide les enfants \u00e0 apprendre les couleurs et les chiffres de mani\u00e8re ludique\u2022 Forme\u2026","_links":{"self":[{"href":"https:\/\/media-netherland.com\/fr\/wp-json\/wp\/v2\/product\/3778","targetHints":{"allow":["GET"]}}],"collection":[{"href":"https:\/\/media-netherland.com\/fr\/wp-json\/wp\/v2\/product"}],"about":[{"href":"https:\/\/media-netherland.com\/fr\/wp-json\/wp\/v2\/types\/product"}],"replies":[{"embeddable":true,"href":"https:\/\/media-netherland.com\/fr\/wp-json\/wp\/v2\/comments?post=3778"}],"version-history":[{"count":4,"href":"https:\/\/media-netherland.com\/fr\/wp-json\/wp\/v2\/product\/3778\/revisions"}],"predecessor-version":[{"id":3885,"href":"https:\/\/media-netherland.com\/fr\/wp-json\/wp\/v2\/product\/3778\/revisions\/3885"}],"wp:featuredmedia":[{"embeddable":true,"href":"https:\/\/media-netherland.com\/fr\/wp-json\/wp\/v2\/media\/3804"}],"wp:attachment":[{"href":"https:\/\/media-netherland.com\/fr\/wp-json\/wp\/v2\/media?parent=3778"}],"wp:term":[{"taxonomy":"product_brand","embeddable":true,"href":"https:\/\/media-netherland.com\/fr\/wp-json\/wp\/v2\/product_brand?post=3778"},{"taxonomy":"product_cat","embeddable":true,"href":"https:\/\/media-netherland.com\/fr\/wp-json\/wp\/v2\/product_cat?post=3778"},{"taxonomy":"product_tag","embeddable":true,"href":"https:\/\/media-netherland.com\/fr\/wp-json\/wp\/v2\/product_tag?post=3778"}],"curies":[{"name":"wp","href":"https:\/\/api.w.org\/{rel}","templated":true}]}}