{"id":3777,"date":"2025-10-08T07:43:35","date_gmt":"2025-10-08T07:43:35","guid":{"rendered":"https:\/\/media-netherland.com\/?post_type=product&#038;p=3777"},"modified":"2025-10-08T08:50:25","modified_gmt":"2025-10-08T08:50:25","slug":"jouets-de-bain-souples-pour-tout-petits","status":"publish","type":"product","link":"https:\/\/media-netherland.com\/fr\/produit\/jouets-de-bain-souples-pour-tout-petits\/","title":{"rendered":"Jouets de Bain Souples pour Tout-Petits"},"content":{"rendered":"<h3 data-start=\"151\" data-end=\"217\"><strong data-start=\"155\" data-end=\"217\">Jouets de Bain Souples pour Tout-Petits \u00ab Bulles de R\u00eave \u00bb<\/strong><\/h3>\n<p data-start=\"219\" data-end=\"329\"><strong data-start=\"219\" data-end=\"233\">Mat\u00e9riau :<\/strong> Caoutchouc souple et doux au toucher<br data-start=\"270\" data-end=\"273\" \/><strong data-start=\"273\" data-end=\"291\">Public id\u00e9al :<\/strong> B\u00e9b\u00e9s et jeunes enfants (1 \u00e0 3 ans)<\/p>\n<p data-start=\"331\" data-end=\"878\"><strong data-start=\"331\" data-end=\"353\">Caract\u00e9ristiques :<\/strong><br data-start=\"353\" data-end=\"356\" \/>\u2022 <strong data-start=\"358\" data-end=\"395\">Mati\u00e8re douce et hypoallerg\u00e9nique<\/strong>, agr\u00e9able pour la peau d\u00e9licate des b\u00e9b\u00e9s<br data-start=\"437\" data-end=\"440\" \/>\u2022 <strong data-start=\"442\" data-end=\"474\">Conception facile \u00e0 nettoyer<\/strong>, emp\u00eachant l\u2019accumulation de salet\u00e9s ou de moisissures<br data-start=\"529\" data-end=\"532\" \/>\u2022 <strong data-start=\"534\" data-end=\"582\">Stimule la coordination et la motricit\u00e9 fine<\/strong> gr\u00e2ce aux jeux de pr\u00e9hension dans l\u2019eau<br data-start=\"622\" data-end=\"625\" \/>\u2022 <strong data-start=\"627\" data-end=\"675\">Adapt\u00e9s \u00e0 tous les environnements aquatiques<\/strong> : bain, table d\u2019eau ou piscine<br data-start=\"706\" data-end=\"709\" \/>\u2022 <strong data-start=\"711\" data-end=\"745\">Sans danger et sans moisissure<\/strong>, pour des moments de jeu en toute s\u00e9curit\u00e9<br data-start=\"788\" data-end=\"791\" \/>\u2022 <strong data-start=\"793\" data-end=\"824\">Formes ludiques et color\u00e9es<\/strong>, con\u00e7ues pour \u00e9veiller la curiosit\u00e9 et l\u2019imaginaire<\/p>\n<p data-start=\"331\" data-end=\"878\"><strong data-start=\"925\" data-end=\"937\">Formes :<\/strong> Diverses formes amusantes et sensorielles<br data-start=\"979\" data-end=\"982\" \/><strong data-start=\"982\" data-end=\"999\">Utilisation :<\/strong> Jouets de bain, jeux d\u2019eau, activit\u00e9s sensorielles<\/p>\n<p data-start=\"1054\" data-end=\"1344\"><strong data-start=\"1054\" data-end=\"1071\">Description :<\/strong><br data-start=\"1071\" data-end=\"1074\" \/>Les <strong data-start=\"1078\" data-end=\"1123\">Jouets de Bain Souples \u00ab Bulles de R\u00eave \u00bb<\/strong> transforment chaque bain en un <strong data-start=\"1155\" data-end=\"1187\">moment d\u2019\u00e9veil et de plaisir<\/strong>. Leur texture douce et leur design color\u00e9 invitent les tout-petits \u00e0 explorer, saisir et \u00e9clabousser, tout en d\u00e9veloppant leurs sens et leur coordination.<\/p>\n<p data-start=\"1346\" data-end=\"1466\">Pratiques, s\u00fbrs et faciles \u00e0 entretenir, ils accompagnent les enfants dans leurs <strong data-start=\"1427\" data-end=\"1463\">premi\u00e8res d\u00e9couvertes aquatiques<\/strong>.<\/p>\n<p data-start=\"1468\" data-end=\"1570\">Un <strong data-start=\"1471\" data-end=\"1502\">cadeau id\u00e9al pour les b\u00e9b\u00e9s<\/strong> et un indispensable pour rendre chaque bain encore plus amusant !<\/p>","protected":false},"excerpt":{"rendered":"<p>Jouets de Bain Souples pour Tout-Petits \u00ab Bulles de R\u00eave \u00bb Mat\u00e9riau : Caoutchouc souple et doux au toucherPublic id\u00e9al : B\u00e9b\u00e9s et jeunes enfants (1 \u00e0 3 ans) Caract\u00e9ristiques :\u2022 Mati\u00e8re douce et hypoallerg\u00e9nique, agr\u00e9able pour la peau d\u00e9licate des b\u00e9b\u00e9s\u2022 Conception facile \u00e0 nettoyer, emp\u00eachant l\u2019accumulation de salet\u00e9s ou de moisissures\u2022 Stimule la coordination et la motricit\u00e9 fine gr\u00e2ce aux jeux de pr\u00e9hension dans l\u2019eau\u2022 Adapt\u00e9s \u00e0 tous les environnements aquatiques : bain, table d\u2019eau ou piscine\u2022 Sans danger et sans moisissure, pour des moments de jeu en toute s\u00e9curit\u00e9\u2022 Formes ludiques et color\u00e9es, con\u00e7ues pour \u00e9veiller la curiosit\u00e9 et l\u2019imaginaire Formes : Diverses formes amusantes et sensoriellesUtilisation : Jouets de bain, jeux d\u2019eau, activit\u00e9s sensorielles Description :Les Jouets de Bain Souples \u00ab Bulles de R\u00eave \u00bb transforment chaque bain en un moment d\u2019\u00e9veil et de plaisir. Leur texture douce et leur design color\u00e9 invitent les tout-petits \u00e0 explorer, saisir et \u00e9clabousser, tout en d\u00e9veloppant leurs sens et leur coordination. Pratiques, s\u00fbrs et faciles \u00e0 entretenir, ils accompagnent les enfants dans leurs premi\u00e8res d\u00e9couvertes aquatiques. Un cadeau id\u00e9al pour les b\u00e9b\u00e9s et un indispensable pour rendre chaque bain encore plus amusant !<\/p>","protected":false},"featured_media":3801,"comment_status":"open","ping_status":"closed","template":"","meta":{"_uag_custom_page_level_css":"","neve_meta_sidebar":"","neve_meta_container":"","neve_meta_enable_content_width":"off","neve_meta_content_width":100,"neve_meta_title_alignment":"","neve_meta_author_avatar":"","neve_post_elements_order":"","neve_meta_disable_header":"","neve_meta_disable_footer":"","neve_meta_disable_title":""},"product_brand":[],"product_cat":[34],"product_tag":[],"class_list":{"0":"post-3777","1":"product","2":"type-product","3":"status-publish","4":"has-post-thumbnail","6":"product_cat-toys","8":"first","9":"instock","10":"shipping-taxable","11":"purchasable","12":"product-type-simple"},"uagb_featured_image_src":{"full":["https:\/\/media-netherland.com\/wp-content\/uploads\/2025\/10\/61THTcqeZVL._AC_SL1500_.jpg",1486,1500,false],"thumbnail":["https:\/\/media-netherland.com\/wp-content\/uploads\/2025\/10\/61THTcqeZVL._AC_SL1500_-150x150.jpg",150,150,true],"medium":["https:\/\/media-netherland.com\/wp-content\/uploads\/2025\/10\/61THTcqeZVL._AC_SL1500_-297x300.jpg",297,300,true],"medium_large":["https:\/\/media-netherland.com\/wp-content\/uploads\/2025\/10\/61THTcqeZVL._AC_SL1500_-768x775.jpg",768,775,true],"large":["https:\/\/media-netherland.com\/wp-content\/uploads\/2025\/10\/61THTcqeZVL._AC_SL1500_-1014x1024.jpg",1014,1024,true],"1536x1536":["https:\/\/media-netherland.com\/wp-content\/uploads\/2025\/10\/61THTcqeZVL._AC_SL1500_.jpg",1486,1500,false],"2048x2048":["https:\/\/media-netherland.com\/wp-content\/uploads\/2025\/10\/61THTcqeZVL._AC_SL1500_.jpg",1486,1500,false],"trp-custom-language-flag":["https:\/\/media-netherland.com\/wp-content\/uploads\/2025\/10\/61THTcqeZVL._AC_SL1500_-12x12.jpg",12,12,true],"neve-blog":["https:\/\/media-netherland.com\/wp-content\/uploads\/2025\/10\/61THTcqeZVL._AC_SL1500_-930x620.jpg",930,620,true],"woocommerce_thumbnail":["https:\/\/media-netherland.com\/wp-content\/uploads\/2025\/10\/61THTcqeZVL._AC_SL1500_-300x300.jpg",300,300,true],"woocommerce_single":["https:\/\/media-netherland.com\/wp-content\/uploads\/2025\/10\/61THTcqeZVL._AC_SL1500_-1000x1009.jpg",1000,1009,true],"woocommerce_gallery_thumbnail":["https:\/\/media-netherland.com\/wp-content\/uploads\/2025\/10\/61THTcqeZVL._AC_SL1500_-100x100.jpg",100,100,true]},"uagb_author_info":{"display_name":"hostinghostinger03@gmail.com","author_link":"https:\/\/media-netherland.com\/fr\/author\/"},"uagb_comment_info":0,"uagb_excerpt":"Jouets de Bain Souples pour Tout-Petits \u00ab Bulles de R\u00eave \u00bb Mat\u00e9riau : Caoutchouc souple et doux au toucherPublic id\u00e9al : B\u00e9b\u00e9s et jeunes enfants (1 \u00e0 3 ans) Caract\u00e9ristiques :\u2022 Mati\u00e8re douce et hypoallerg\u00e9nique, agr\u00e9able pour la peau d\u00e9licate des b\u00e9b\u00e9s\u2022 Conception facile \u00e0 nettoyer, emp\u00eachant l\u2019accumulation de salet\u00e9s ou de moisissures\u2022 Stimule la\u2026","_links":{"self":[{"href":"https:\/\/media-netherland.com\/fr\/wp-json\/wp\/v2\/product\/3777","targetHints":{"allow":["GET"]}}],"collection":[{"href":"https:\/\/media-netherland.com\/fr\/wp-json\/wp\/v2\/product"}],"about":[{"href":"https:\/\/media-netherland.com\/fr\/wp-json\/wp\/v2\/types\/product"}],"replies":[{"embeddable":true,"href":"https:\/\/media-netherland.com\/fr\/wp-json\/wp\/v2\/comments?post=3777"}],"version-history":[{"count":3,"href":"https:\/\/media-netherland.com\/fr\/wp-json\/wp\/v2\/product\/3777\/revisions"}],"predecessor-version":[{"id":3881,"href":"https:\/\/media-netherland.com\/fr\/wp-json\/wp\/v2\/product\/3777\/revisions\/3881"}],"wp:featuredmedia":[{"embeddable":true,"href":"https:\/\/media-netherland.com\/fr\/wp-json\/wp\/v2\/media\/3801"}],"wp:attachment":[{"href":"https:\/\/media-netherland.com\/fr\/wp-json\/wp\/v2\/media?parent=3777"}],"wp:term":[{"taxonomy":"product_brand","embeddable":true,"href":"https:\/\/media-netherland.com\/fr\/wp-json\/wp\/v2\/product_brand?post=3777"},{"taxonomy":"product_cat","embeddable":true,"href":"https:\/\/media-netherland.com\/fr\/wp-json\/wp\/v2\/product_cat?post=3777"},{"taxonomy":"product_tag","embeddable":true,"href":"https:\/\/media-netherland.com\/fr\/wp-json\/wp\/v2\/product_tag?post=3777"}],"curies":[{"name":"wp","href":"https:\/\/api.w.org\/{rel}","templated":true}]}}