{"id":3650,"date":"2025-10-08T06:19:21","date_gmt":"2025-10-08T06:19:21","guid":{"rendered":"https:\/\/media-netherland.com\/?page_id=3650"},"modified":"2025-10-08T10:12:41","modified_gmt":"2025-10-08T10:12:41","slug":"politique-de-cookies","status":"publish","type":"page","link":"https:\/\/media-netherland.com\/fr\/politique-de-cookies\/","title":{"rendered":"Politique de Cookies"},"content":{"rendered":"<div data-elementor-type=\"wp-page\" data-elementor-id=\"3650\" class=\"elementor elementor-3650\">\n\t\t\t\t<div class=\"elementor-element elementor-element-60389d5 e-flex e-con-boxed wpr-particle-no wpr-jarallax-no wpr-parallax-no wpr-sticky-section-no e-con e-parent\" data-id=\"60389d5\" data-element_type=\"container\">\n\t\t\t\t\t<div class=\"e-con-inner\">\n\t\t\t\t<div class=\"elementor-element elementor-element-77c8766 elementor-widget elementor-widget-text-editor\" data-id=\"77c8766\" data-element_type=\"widget\" data-widget_type=\"text-editor.default\">\n\t\t\t\t<div class=\"elementor-widget-container\">\n\t\t\t\t\t\t\t\t\t<p><strong>Politique de Cookies<\/strong><\/p><p>Cette Politique de Cookies explique comment <strong>Media Netherland<\/strong> utilise des cookies et des technologies similaires pour vous reconna\u00eetre lorsque vous visitez notre site web <strong>media-netherland.com.<\/strong> Elle explique \u00e9galement ce que sont les cookies, comment nous les utilisons, et vos choix concernant leur utilisation.<\/p><p>Qu\u2019est-ce qu\u2019un cookie ?<\/p><p>Un cookie est un petit fichier texte plac\u00e9 sur votre ordinateur ou appareil mobile lorsque vous visitez un site web. Les cookies sont largement utilis\u00e9s pour faire fonctionner les sites web, ou pour les faire fonctionner de mani\u00e8re plus efficace, ainsi que pour fournir des informations aux propri\u00e9taires du site.<\/p><p>Comment utilisons-nous les cookies ?<\/p><p>Lorsque vous acc\u00e9dez \u00e0 notre site, nous pouvons placer un certain nombre de cookies dans votre navigateur. Nous utilisons ces cookies pour les finalit\u00e9s suivantes :<\/p><ol><li>Essentiel : Nous utilisons des cookies essentiels pour authentifier les utilisateurs, emp\u00eacher les fraudes et prot\u00e9ger la s\u00e9curit\u00e9 de nos utilisateurs.<\/li><li>Pr\u00e9f\u00e9rences : Nous utilisons des cookies pour m\u00e9moriser vos pr\u00e9f\u00e9rences de navigation et les choix que vous faites sur notre site.<\/li><li>Analytique : Nous utilisons des cookies analytiques pour suivre l\u2019utilisation et les performances de notre site afin d\u2019am\u00e9liorer l\u2019exp\u00e9rience utilisateur.<\/li><li>Publicit\u00e9 : Nous utilisons des cookies pour vous montrer des publicit\u00e9s qui pourraient vous int\u00e9resser. Ces cookies nous aident \u00e9galement \u00e0 suivre l\u2019efficacit\u00e9 de nos campagnes publicitaires.<\/li><\/ol><p>Consentement<\/p><p>En utilisant notre site, vous consentez \u00e0 notre utilisation de cookies conform\u00e9ment \u00e0 la pr\u00e9sente Politique de Cookies.<\/p><p>Vos choix concernant les cookies<\/p><p>Si vous souhaitez d\u00e9sactiver les cookies, vous pouvez le faire en modifiant les param\u00e8tres de votre navigateur\u00a0:<\/p><ul><li>Internet explorer : https:\/\/support.microsoft.com\/en-us\/topic\/use-do-not-track-in-internet-explorer-11-ad61fa73-d533-ce96-3f64-2aa3a332e792<\/li><li>Firefox : https:\/\/support.mozilla.org\/en-US\/kb\/how-do-i-turn-do-not-track-feature<\/li><li>Google Chrome : https:\/\/support.google.com\/chrome\/answer\/114836?hl=en&amp;ref_topic=3421433<\/li><li>Safari : https:\/\/help.apple.com\/safari\/mac\/9.0\/#\/sfri40732<\/li><li>Opera : https:\/\/help.opera.com\/en\/latest\/<\/li><\/ul><p>Si vous refusez l\u2019enregistrement des cookies strictement n\u00e9cessaires au fonctionnement du site dans votre terminal, ou si vous supprimez ceux qui y sont enregistr\u00e9s, vous ne pourrez plus b\u00e9n\u00e9ficier d\u2019un certain nombre de fonctionnalit\u00e9s qui sont n\u00e9anmoins n\u00e9cessaires pour utiliser notre site. Tel serait le cas si vous tentiez d\u2019acc\u00e9der \u00e0 nos contenus ou services qui n\u00e9cessitent de vous identifier. Tel serait \u00e9galement le cas lorsque nous &#8211; ou nos prestataires &#8211; ne pourrions pas reconna\u00eetre, \u00e0 des fins de comptabilit\u00e9 technique, le type de navigateur utilis\u00e9 par votre terminal, ses param\u00e8tres de langue et d\u2019affichage ou le pays depuis lequel votre terminal semble connect\u00e9 \u00e0 Internet.<\/p><p>Le cas \u00e9ch\u00e9ant, nous d\u00e9clinons toute responsabilit\u00e9 pour les cons\u00e9quences li\u00e9es au fonctionnement d\u00e9grad\u00e9 de nos services r\u00e9sultant de l\u2019impossibilit\u00e9 pour nous d\u2019enregistrer ou de consulter les cookies n\u00e9cessaires \u00e0 leur fonctionnement et que vous auriez refus\u00e9s ou supprim\u00e9s.<\/p><p>Plus d\u2019informations<\/p><p>Si vous avez des questions concernant notre utilisation des cookies ou toute autre question relative \u00e0 la confidentialit\u00e9, veuillez nous contacter \u00e0 l\u2019adresse suivante : <strong>contact@media-netherland.com<\/strong>.<\/p><p>Modification de cette Politique de Cookies<\/p><p>Nous nous r\u00e9servons le droit de modifier cette politique de cookies \u00e0 tout moment. Toute modification entrera en vigueur d\u00e8s sa publication sur cette page.<\/p>\t\t\t\t\t\t\t\t<\/div>\n\t\t\t\t<\/div>\n\t\t\t\t\t<\/div>\n\t\t\t\t<\/div>\n\t\t\t\t<\/div>","protected":false},"excerpt":{"rendered":"<p>Politique de Cookies Cette Politique de Cookies explique comment Media Netherland utilise des cookies et des technologies similaires pour vous reconna\u00eetre lorsque vous visitez notre site web media-netherland.com. Elle explique \u00e9galement ce que sont les cookies, comment nous les utilisons, et vos choix concernant leur utilisation. Qu\u2019est-ce qu\u2019un cookie ? Un cookie est un petit fichier texte plac\u00e9 sur votre ordinateur ou appareil mobile lorsque vous visitez un site web. Les cookies sont largement utilis\u00e9s pour faire fonctionner les sites web, ou pour les faire fonctionner de mani\u00e8re plus efficace, ainsi que pour fournir des informations aux propri\u00e9taires du site. Comment utilisons-nous les cookies ? Lorsque vous acc\u00e9dez \u00e0 notre site, nous pouvons placer un certain nombre de cookies dans votre navigateur. Nous utilisons ces cookies pour les finalit\u00e9s suivantes : Essentiel : Nous utilisons des cookies essentiels pour authentifier les utilisateurs, emp\u00eacher les fraudes et prot\u00e9ger la s\u00e9curit\u00e9 de nos utilisateurs. Pr\u00e9f\u00e9rences : Nous utilisons des cookies pour m\u00e9moriser vos pr\u00e9f\u00e9rences de navigation et les choix que vous faites sur notre site. Analytique : Nous utilisons des cookies analytiques pour suivre l\u2019utilisation et les performances de notre site afin d\u2019am\u00e9liorer l\u2019exp\u00e9rience utilisateur. Publicit\u00e9 : Nous utilisons des cookies pour vous montrer des publicit\u00e9s qui pourraient vous int\u00e9resser. Ces cookies nous aident \u00e9galement \u00e0 suivre l\u2019efficacit\u00e9 de nos campagnes publicitaires. Consentement En utilisant notre site, vous consentez \u00e0 notre utilisation de cookies conform\u00e9ment \u00e0 la pr\u00e9sente Politique de Cookies. Vos choix concernant les cookies Si vous souhaitez d\u00e9sactiver les cookies, vous pouvez le faire en modifiant les param\u00e8tres de votre navigateur\u00a0: Internet explorer : https:\/\/support.microsoft.com\/en-us\/topic\/use-do-not-track-in-internet-explorer-11-ad61fa73-d533-ce96-3f64-2aa3a332e792 Firefox : https:\/\/support.mozilla.org\/en-US\/kb\/how-do-i-turn-do-not-track-feature Google Chrome : https:\/\/support.google.com\/chrome\/answer\/114836?hl=en&amp;ref_topic=3421433 Safari : https:\/\/help.apple.com\/safari\/mac\/9.0\/#\/sfri40732 Opera : https:\/\/help.opera.com\/en\/latest\/ Si vous refusez l\u2019enregistrement des cookies strictement n\u00e9cessaires au fonctionnement du site dans votre terminal, ou si vous supprimez ceux qui y sont enregistr\u00e9s, vous ne pourrez plus b\u00e9n\u00e9ficier d\u2019un certain nombre de fonctionnalit\u00e9s qui sont n\u00e9anmoins n\u00e9cessaires pour utiliser notre site. Tel serait le cas si vous tentiez d\u2019acc\u00e9der \u00e0 nos contenus ou services qui n\u00e9cessitent de vous identifier. Tel serait \u00e9galement le cas lorsque nous &#8211; ou nos prestataires &#8211; ne pourrions pas reconna\u00eetre, \u00e0 des fins de comptabilit\u00e9 technique, le type de navigateur utilis\u00e9 par votre terminal, ses param\u00e8tres de langue et d\u2019affichage ou le pays depuis lequel votre terminal semble connect\u00e9 \u00e0 Internet. Le cas \u00e9ch\u00e9ant, nous d\u00e9clinons toute responsabilit\u00e9 pour les cons\u00e9quences li\u00e9es au fonctionnement d\u00e9grad\u00e9 de nos services r\u00e9sultant de l\u2019impossibilit\u00e9 pour nous d\u2019enregistrer ou de consulter les cookies n\u00e9cessaires \u00e0 leur fonctionnement et que vous auriez refus\u00e9s ou supprim\u00e9s. Plus d\u2019informations Si vous avez des questions concernant notre utilisation des cookies ou toute autre question relative \u00e0 la confidentialit\u00e9, veuillez nous contacter \u00e0 l\u2019adresse suivante : contact@media-netherland.com. Modification de cette Politique de Cookies Nous nous r\u00e9servons le droit de modifier cette politique de cookies \u00e0 tout moment. Toute modification entrera en vigueur d\u00e8s sa publication sur cette page.<\/p>","protected":false},"author":1,"featured_media":0,"parent":0,"menu_order":0,"comment_status":"closed","ping_status":"closed","template":"page-templates\/template-pagebuilder-full-width.php","meta":{"_uag_custom_page_level_css":"","neve_meta_sidebar":"","neve_meta_container":"","neve_meta_enable_content_width":"","neve_meta_content_width":0,"neve_meta_title_alignment":"","neve_meta_author_avatar":"","neve_post_elements_order":"","neve_meta_disable_header":"","neve_meta_disable_footer":"","neve_meta_disable_title":"","footnotes":""},"class_list":["post-3650","page","type-page","status-publish","hentry"],"uagb_featured_image_src":{"full":false,"thumbnail":false,"medium":false,"medium_large":false,"large":false,"1536x1536":false,"2048x2048":false,"trp-custom-language-flag":false,"neve-blog":false,"woocommerce_thumbnail":false,"woocommerce_single":false,"woocommerce_gallery_thumbnail":false},"uagb_author_info":{"display_name":"hostinghostinger03@gmail.com","author_link":"https:\/\/media-netherland.com\/fr\/author\/hostinghostinger03gmail-com\/"},"uagb_comment_info":0,"uagb_excerpt":"Politique de Cookies Cette Politique de Cookies explique comment Media Netherland utilise des cookies et des technologies similaires pour vous reconna\u00eetre lorsque vous visitez notre site web media-netherland.com. Elle explique \u00e9galement ce que sont les cookies, comment nous les utilisons, et vos choix concernant leur utilisation. Qu\u2019est-ce qu\u2019un cookie ? Un cookie est un petit\u2026","_links":{"self":[{"href":"https:\/\/media-netherland.com\/fr\/wp-json\/wp\/v2\/pages\/3650","targetHints":{"allow":["GET"]}}],"collection":[{"href":"https:\/\/media-netherland.com\/fr\/wp-json\/wp\/v2\/pages"}],"about":[{"href":"https:\/\/media-netherland.com\/fr\/wp-json\/wp\/v2\/types\/page"}],"author":[{"embeddable":true,"href":"https:\/\/media-netherland.com\/fr\/wp-json\/wp\/v2\/users\/1"}],"replies":[{"embeddable":true,"href":"https:\/\/media-netherland.com\/fr\/wp-json\/wp\/v2\/comments?post=3650"}],"version-history":[{"count":10,"href":"https:\/\/media-netherland.com\/fr\/wp-json\/wp\/v2\/pages\/3650\/revisions"}],"predecessor-version":[{"id":3981,"href":"https:\/\/media-netherland.com\/fr\/wp-json\/wp\/v2\/pages\/3650\/revisions\/3981"}],"wp:attachment":[{"href":"https:\/\/media-netherland.com\/fr\/wp-json\/wp\/v2\/media?parent=3650"}],"curies":[{"name":"wp","href":"https:\/\/api.w.org\/{rel}","templated":true}]}}