{"id":3640,"date":"2025-10-08T06:13:47","date_gmt":"2025-10-08T06:13:47","guid":{"rendered":"https:\/\/media-netherland.com\/?page_id=3640"},"modified":"2025-10-08T10:00:48","modified_gmt":"2025-10-08T10:00:48","slug":"politique-dexpedition","status":"publish","type":"page","link":"https:\/\/media-netherland.com\/fr\/politique-dexpedition\/","title":{"rendered":"Politique d\u2019exp\u00e9dition"},"content":{"rendered":"<div data-elementor-type=\"wp-page\" data-elementor-id=\"3640\" class=\"elementor elementor-3640\">\n\t\t\t\t<div class=\"elementor-element elementor-element-e49b357 e-flex e-con-boxed wpr-particle-no wpr-jarallax-no wpr-parallax-no wpr-sticky-section-no e-con e-parent\" data-id=\"e49b357\" data-element_type=\"container\">\n\t\t\t\t\t<div class=\"e-con-inner\">\n\t\t\t\t<div class=\"elementor-element elementor-element-806a157 elementor-widget elementor-widget-text-editor\" data-id=\"806a157\" data-element_type=\"widget\" data-widget_type=\"text-editor.default\">\n\t\t\t\t<div class=\"elementor-widget-container\">\n\t\t\t\t\t\t\t\t\t<p><strong>Politique d\u2019exp\u00e9dition<\/strong><\/p><p>1 \u2013 Zones de livraison : Nous livrons nos produits partout en France m\u00e9tropolitaine, dans les DOM TOM mais \u00e9galement dans certains pays (pays de livraison indiqu\u00e9s lors du renseignement de votre adresse).<\/p><p>2 \u2013 D\u00e9lais de livraison :<\/p><p>Nous nous engageons \u00e0 traiter et \u00e0 exp\u00e9dier toutes les commandes dans un d\u00e9lai de 5 \u00e0 7 jours ouvrables apr\u00e8s r\u00e9ception du paiement. Les jours ouvrables n\u2019incluent pas les week-ends et les jours f\u00e9ri\u00e9s.<\/p><p>Un d\u00e9lais de 48 heures suppl\u00e9mentaire est n\u00e9cessaire afin de livrer dans les d\u00e9partements de France M\u00e9tropolitaine non reli\u00e9es au continent par un pont (Corse, Ile d&#8217;Yeu, Ile de Porquerolles, etc.).<\/p><p>Un d\u00e9lais de 72 heures suppl\u00e9mentaire est n\u00e9cessaire afin de livrer pour les d\u00e9partements et territoires d\u2019outre-mer, ainsi que pour les livraisons internationales.<\/p><p>3 \u2013 Frais d\u2019exp\u00e9dition\u00a0<\/p><p>L\u2019exp\u00e9dition est gratuite pour toute commande en France m\u00e9tropolitaine, ainsi que pour les d\u00e9partement et territoires d\u2019outre-mer.<\/p><p>Des frais suppl\u00e9mentaires pourront \u00eatre appliqu\u00e9s pour les livraisons \u00e0 l\u2019internationale (ils seront alors clairement signifi\u00e9s au client avant le paiement de sa commande).<\/p><p>4 \u2013 Suivi des colis\u00a0<\/p><p>Toutes nos exp\u00e9ditions incluent un num\u00e9ro de suivi que nous partagerons avec vous d\u00e8s l\u2019exp\u00e9dition de votre commande. Vous pourrez ainsi suivre l\u2019\u00e9volution de votre colis jusqu\u2019\u00e0 sa livraison.<\/p><p>5 \u2013 Mode de livraison<\/p><p>Toutes nos livraisons sont effectu\u00e9es \u00e0 domicile gratuitement en France M\u00e9tropolitaine de DOM TOM via Colissimo.<\/p><p>Pour tout livraison internationale, nous solliciterons les services de transporteurs priv\u00e9s, choisis afin de vous assurer un d\u00e9lai de livraison garanti.<\/p><p>6- Retards \u00e9ventuels<\/p><p>Bien que nous nous efforcions de respecter les d\u00e9lais de livraison annonc\u00e9s, des retards peuvent parfois survenir en raison de circonstances ind\u00e9pendantes de notre volont\u00e9, telles que des conditions m\u00e9t\u00e9orologiques d\u00e9favorables, des probl\u00e8mes logistiques ou des retards douaniers. Si un retard important survient, nous vous en informerons rapidement et ferons de notre mieux pour r\u00e9soudre la situation.<\/p><p>7 \u2013 Adresse de livraison<\/p><p>Assurez-vous de fournir une adresse de livraison compl\u00e8te, pr\u00e9cise et exacte lors de la commande pour \u00e9viter tout probl\u00e8me de livraison.<\/p><p>8 \u2013 Livraison internationale<\/p><p>Pour les commandes internationales, veuillez noter que des taxes d\u2019importation, des droits de douane et des frais suppl\u00e9mentaires peuvent \u00eatre exig\u00e9s par les autorit\u00e9s douani\u00e8res de votre pays. Ces frais sont \u00e0 la charge du client et ne sont pas inclus dans les frais d\u2019exp\u00e9dition de <strong>Larice PERRIN<\/strong>. Veillez \u00e0 bien vous renseigner avant de passer commander chez nous des lois en vigueur de votre pays concernant toutes taxes \u00e9ventuelles de livraison.<\/p><p>9 \u2013 Service client\u00e8le<\/p><p>Notre \u00e9quipe du service client\u00e8le est disponible pour r\u00e9pondre \u00e0 toutes vos questions concernant l\u2019exp\u00e9dition et la livraison. N\u2019h\u00e9sitez pas \u00e0 nous contacter par t\u00e9l\u00e9phone, mail, via le formulaire de contact de notre site <strong>contact@media-netherland.com<\/strong>, ou par les diff\u00e9rentes messageries des r\u00e9seaux sociaux sur lesquelles nous sommes pr\u00e9sents.<\/p>\t\t\t\t\t\t\t\t<\/div>\n\t\t\t\t<\/div>\n\t\t\t\t\t<\/div>\n\t\t\t\t<\/div>\n\t\t\t\t<\/div>","protected":false},"excerpt":{"rendered":"<p>Politique d\u2019exp\u00e9dition 1 \u2013 Zones de livraison : Nous livrons nos produits partout en France m\u00e9tropolitaine, dans les DOM TOM mais \u00e9galement dans certains pays (pays de livraison indiqu\u00e9s lors du renseignement de votre adresse). 2 \u2013 D\u00e9lais de livraison : Nous nous engageons \u00e0 traiter et \u00e0 exp\u00e9dier toutes les commandes dans un d\u00e9lai de 5 \u00e0 7 jours ouvrables apr\u00e8s r\u00e9ception du paiement. Les jours ouvrables n\u2019incluent pas les week-ends et les jours f\u00e9ri\u00e9s. Un d\u00e9lais de 48 heures suppl\u00e9mentaire est n\u00e9cessaire afin de livrer dans les d\u00e9partements de France M\u00e9tropolitaine non reli\u00e9es au continent par un pont (Corse, Ile d&#8217;Yeu, Ile de Porquerolles, etc.). Un d\u00e9lais de 72 heures suppl\u00e9mentaire est n\u00e9cessaire afin de livrer pour les d\u00e9partements et territoires d\u2019outre-mer, ainsi que pour les livraisons internationales. 3 \u2013 Frais d\u2019exp\u00e9dition\u00a0 L\u2019exp\u00e9dition est gratuite pour toute commande en France m\u00e9tropolitaine, ainsi que pour les d\u00e9partement et territoires d\u2019outre-mer. Des frais suppl\u00e9mentaires pourront \u00eatre appliqu\u00e9s pour les livraisons \u00e0 l\u2019internationale (ils seront alors clairement signifi\u00e9s au client avant le paiement de sa commande). 4 \u2013 Suivi des colis\u00a0 Toutes nos exp\u00e9ditions incluent un num\u00e9ro de suivi que nous partagerons avec vous d\u00e8s l\u2019exp\u00e9dition de votre commande. Vous pourrez ainsi suivre l\u2019\u00e9volution de votre colis jusqu\u2019\u00e0 sa livraison. 5 \u2013 Mode de livraison Toutes nos livraisons sont effectu\u00e9es \u00e0 domicile gratuitement en France M\u00e9tropolitaine de DOM TOM via Colissimo. Pour tout livraison internationale, nous solliciterons les services de transporteurs priv\u00e9s, choisis afin de vous assurer un d\u00e9lai de livraison garanti. 6- Retards \u00e9ventuels Bien que nous nous efforcions de respecter les d\u00e9lais de livraison annonc\u00e9s, des retards peuvent parfois survenir en raison de circonstances ind\u00e9pendantes de notre volont\u00e9, telles que des conditions m\u00e9t\u00e9orologiques d\u00e9favorables, des probl\u00e8mes logistiques ou des retards douaniers. Si un retard important survient, nous vous en informerons rapidement et ferons de notre mieux pour r\u00e9soudre la situation. 7 \u2013 Adresse de livraison Assurez-vous de fournir une adresse de livraison compl\u00e8te, pr\u00e9cise et exacte lors de la commande pour \u00e9viter tout probl\u00e8me de livraison. 8 \u2013 Livraison internationale Pour les commandes internationales, veuillez noter que des taxes d\u2019importation, des droits de douane et des frais suppl\u00e9mentaires peuvent \u00eatre exig\u00e9s par les autorit\u00e9s douani\u00e8res de votre pays. Ces frais sont \u00e0 la charge du client et ne sont pas inclus dans les frais d\u2019exp\u00e9dition de Larice PERRIN. Veillez \u00e0 bien vous renseigner avant de passer commander chez nous des lois en vigueur de votre pays concernant toutes taxes \u00e9ventuelles de livraison. 9 \u2013 Service client\u00e8le Notre \u00e9quipe du service client\u00e8le est disponible pour r\u00e9pondre \u00e0 toutes vos questions concernant l\u2019exp\u00e9dition et la livraison. N\u2019h\u00e9sitez pas \u00e0 nous contacter par t\u00e9l\u00e9phone, mail, via le formulaire de contact de notre site contact@media-netherland.com, ou par les diff\u00e9rentes messageries des r\u00e9seaux sociaux sur lesquelles nous sommes pr\u00e9sents.<\/p>","protected":false},"author":1,"featured_media":0,"parent":0,"menu_order":0,"comment_status":"closed","ping_status":"closed","template":"page-templates\/template-pagebuilder-full-width.php","meta":{"_uag_custom_page_level_css":"","neve_meta_sidebar":"","neve_meta_container":"","neve_meta_enable_content_width":"","neve_meta_content_width":0,"neve_meta_title_alignment":"","neve_meta_author_avatar":"","neve_post_elements_order":"","neve_meta_disable_header":"","neve_meta_disable_footer":"","neve_meta_disable_title":"","footnotes":""},"class_list":["post-3640","page","type-page","status-publish","hentry"],"uagb_featured_image_src":{"full":false,"thumbnail":false,"medium":false,"medium_large":false,"large":false,"1536x1536":false,"2048x2048":false,"trp-custom-language-flag":false,"neve-blog":false,"woocommerce_thumbnail":false,"woocommerce_single":false,"woocommerce_gallery_thumbnail":false},"uagb_author_info":{"display_name":"hostinghostinger03@gmail.com","author_link":"https:\/\/media-netherland.com\/fr\/author\/hostinghostinger03gmail-com\/"},"uagb_comment_info":0,"uagb_excerpt":"Politique d\u2019exp\u00e9dition 1 \u2013 Zones de livraison : Nous livrons nos produits partout en France m\u00e9tropolitaine, dans les DOM TOM mais \u00e9galement dans certains pays (pays de livraison indiqu\u00e9s lors du renseignement de votre adresse). 2 \u2013 D\u00e9lais de livraison : Nous nous engageons \u00e0 traiter et \u00e0 exp\u00e9dier toutes les commandes dans un d\u00e9lai\u2026","_links":{"self":[{"href":"https:\/\/media-netherland.com\/fr\/wp-json\/wp\/v2\/pages\/3640","targetHints":{"allow":["GET"]}}],"collection":[{"href":"https:\/\/media-netherland.com\/fr\/wp-json\/wp\/v2\/pages"}],"about":[{"href":"https:\/\/media-netherland.com\/fr\/wp-json\/wp\/v2\/types\/page"}],"author":[{"embeddable":true,"href":"https:\/\/media-netherland.com\/fr\/wp-json\/wp\/v2\/users\/1"}],"replies":[{"embeddable":true,"href":"https:\/\/media-netherland.com\/fr\/wp-json\/wp\/v2\/comments?post=3640"}],"version-history":[{"count":10,"href":"https:\/\/media-netherland.com\/fr\/wp-json\/wp\/v2\/pages\/3640\/revisions"}],"predecessor-version":[{"id":3957,"href":"https:\/\/media-netherland.com\/fr\/wp-json\/wp\/v2\/pages\/3640\/revisions\/3957"}],"wp:attachment":[{"href":"https:\/\/media-netherland.com\/fr\/wp-json\/wp\/v2\/media?parent=3640"}],"curies":[{"name":"wp","href":"https:\/\/api.w.org\/{rel}","templated":true}]}}